{"id":44,"date":"2017-07-07T16:32:30","date_gmt":"2017-07-07T14:32:30","guid":{"rendered":"https:\/\/alexandraborchardt.com\/?page_id=44"},"modified":"2021-12-03T09:41:15","modified_gmt":"2021-12-03T08:41:15","slug":"veroeffentlichungen","status":"publish","type":"page","link":"https:\/\/alexandraborchardt.com\/de\/veroeffentlichungen\/","title":{"rendered":"B\u00fccher und mehr"},"content":{"rendered":"<p>Alexandra Borchardt arbeitet als freie Autorin und Kolumnistin, sie tut und tat dies unter anderem f\u00fcr <a href=\"https:\/\/medieninsider.com\">Medieninsider<\/a>,&nbsp;<a href=\"https:\/\/libmod.de\/author\/alexandra-borchardt\/\">Zentrum Liberale Moderne, <\/a>&nbsp;<a href=\"https:\/\/www.project-syndicate.org\/columnist\/alexandra-borchardt\">Project Syndicate<\/a>, und <em>ada<\/em>. Weitere journalistische Ver\u00f6ffentlichungen stammen aus mehr als 20 Jahren bei <a href=\"https:\/\/www.sueddeutsche.de\/news?search=%22Alexandra+Borchardt%22&amp;sort=date&amp;all%5B%5D=dep&amp;all%5B%5D=typ&amp;all%5B%5D=sys&amp;all%5B%5D=time\"><em>S\u00fcddeutscher Zeitung<\/em><\/a>, <em>SZ Plan W<\/em>, <em>Financial Times Deutschland<\/em> und <em>dpa<\/em>.&nbsp;<\/p>\n\n","protected":false},"excerpt":{"rendered":"<p>Alexandra Borchardt arbeitet als freie Autorin und Kolumnistin, sie tut und tat dies unter anderem f\u00fcr Medieninsider,&nbsp;Zentrum Liberale Moderne, &nbsp;Project Syndicate, und ada. Weitere journalistische Ver\u00f6ffentlichungen stammen aus mehr als 20 Jahren bei S\u00fcddeutscher Zeitung, SZ Plan W, Financial Times Deutschland und dpa.&nbsp;<\/p>\n","protected":false},"author":1,"featured_media":0,"parent":0,"menu_order":0,"comment_status":"closed","ping_status":"closed","template":"page-publikationen.php","meta":{"_acf_changed":false,"footnotes":""},"class_list":["post-44","page","type-page","status-publish","hentry"],"acf":[],"_links":{"self":[{"href":"https:\/\/alexandraborchardt.com\/de\/wp-json\/wp\/v2\/pages\/44\/"}],"collection":[{"href":"https:\/\/alexandraborchardt.com\/de\/wp-json\/wp\/v2\/pages\/"}],"about":[{"href":"https:\/\/alexandraborchardt.com\/de\/wp-json\/wp\/v2\/types\/page\/"}],"author":[{"embeddable":true,"href":"https:\/\/alexandraborchardt.com\/de\/wp-json\/wp\/v2\/users\/1\/"}],"replies":[{"embeddable":true,"href":"https:\/\/alexandraborchardt.com\/de\/wp-json\/wp\/v2\/comments\/?post=44"}],"version-history":[{"count":21,"href":"https:\/\/alexandraborchardt.com\/de\/wp-json\/wp\/v2\/pages\/44\/revisions\/"}],"predecessor-version":[{"id":1252,"href":"https:\/\/alexandraborchardt.com\/de\/wp-json\/wp\/v2\/pages\/44\/revisions\/1252\/"}],"wp:attachment":[{"href":"https:\/\/alexandraborchardt.com\/de\/wp-json\/wp\/v2\/media\/?parent=44"}],"curies":[{"name":"wp","href":"https:\/\/api.w.org\/{rel}","templated":true}]}}