{"id":6,"date":"2017-07-05T15:32:57","date_gmt":"2017-07-05T13:32:57","guid":{"rendered":"https:\/\/alexandraborchardt.com\/?page_id=6"},"modified":"2025-12-07T17:51:59","modified_gmt":"2025-12-07T16:51:59","slug":"profil","status":"publish","type":"page","link":"https:\/\/alexandraborchardt.com\/de\/profil\/","title":{"rendered":"Profil"},"content":{"rendered":"<figure id=\"attachment_908\" aria-describedby=\"caption-attachment-908\" style=\"width: 246px\" class=\"wp-caption alignright\"><img loading=\"lazy\" decoding=\"async\" class=\" wp-image-908\" src=\"https:\/\/alexandraborchardt.com\/wp-content\/uploads\/2020\/11\/Alexandra_Borchardt_2020a_Credit_Jacobia_Dahm-744x1116.jpg\" alt=\"\" width=\"246\" height=\"369\" srcset=\"https:\/\/alexandraborchardt.com\/wp-content\/uploads\/2020\/11\/Alexandra_Borchardt_2020a_Credit_Jacobia_Dahm-744x1116.jpg 744w, https:\/\/alexandraborchardt.com\/wp-content\/uploads\/2020\/11\/Alexandra_Borchardt_2020a_Credit_Jacobia_Dahm-1200x1800.jpg 1200w, https:\/\/alexandraborchardt.com\/wp-content\/uploads\/2020\/11\/Alexandra_Borchardt_2020a_Credit_Jacobia_Dahm-420x630.jpg 420w, https:\/\/alexandraborchardt.com\/wp-content\/uploads\/2020\/11\/Alexandra_Borchardt_2020a_Credit_Jacobia_Dahm-768x1152.jpg 768w, https:\/\/alexandraborchardt.com\/wp-content\/uploads\/2020\/11\/Alexandra_Borchardt_2020a_Credit_Jacobia_Dahm-1024x1536.jpg 1024w, https:\/\/alexandraborchardt.com\/wp-content\/uploads\/2020\/11\/Alexandra_Borchardt_2020a_Credit_Jacobia_Dahm-133x200.jpg 133w, https:\/\/alexandraborchardt.com\/wp-content\/uploads\/2020\/11\/Alexandra_Borchardt_2020a_Credit_Jacobia_Dahm.jpg 1333w\" sizes=\"auto, (max-width: 246px) 100vw, 246px\" \/><figcaption id=\"caption-attachment-908\" class=\"wp-caption-text\">Credit: Jacobia Dahm<\/figcaption><\/figure>\n<p>Prof. Dr. Alexandra Borchardt ist eine international arbeitende Journalistin, Managerin, Buchautorin, Dozentin und Beraterin. Sie wirkt als Honorarprofessorin f\u00fcr Leadership und Digitalisierung an der TUM School of Management der TU M\u00fcnchen, als Verwaltungsr\u00e4tin beim Schweizer Magazin Republik, Aufsichtsr\u00e4tin beim Constructive Institute in D\u00e4nemark und ist Senior Research Associate am <a href=\"http:\/\/reutersinstitute.politics.ox.ac.uk\/\">Reuters Institute for the Study of Journalism<\/a>\u00a0an der University of Oxford. F\u00fcr die World Association of News Publishers Wan-Ifra unterst\u00fctzt sie als Coach im <a href=\"https:\/\/www.tablestakes-europe.org\">Table Stakes Europe<\/a> Programm regionale Medienh\u00e4user bei der digitalen Transformation, bislang hat sie dort 26 Verlage aus Deutschland, Portugal, Spanien, \u00d6sterreich, Irland und Gro\u00dfbritanien betreut. Ihre j\u00fcngste Ver\u00f6ffentlichung ist der EBU News Report &#8222;Leading Newsrooms in the Age of Generative AI&#8220;. Am Constructive Institute in Aarhus entwickelte und co-leitete sie bis Juni 2024 das Climate Explorer Fellowship Programm, ein Pilotprojekt zur Ausbildung von Klimajournalisten.<\/p>\n<p>Bis Juli 2023 war sie journalistische Leiterin des Journalism Innovators Program an der Hamburg Media School, bis 2021 Co-Leiterin des Master-Studiengangs Kulturjournalismus und Gastprofessorin f\u00fcr Medienwandel an der Universit\u00e4t der K\u00fcnste Berlin.<\/p>\n<p>Borchardt besch\u00e4ftigt sich vor allem damit, wie die Digitalisierung die Medien, die Demokratie, die Arbeitswelt und menschliches Verhalten pr\u00e4gt. Ihr neuestes Buch <a href=\"https:\/\/shop.duden.de\/Shop\/Mehr-Wahrheit-wagen\">Mehr Wahrheit wagen &#8211; Warum die Demokratie einen starken Journalismus braucht<\/a>\u00a0erschien im M\u00e4rz 2020 im Dudenverlag. 2018 ver\u00f6ffentlichte sie\u00a0<a href=\"https:\/\/www.amazon.de\/Mensch-4-0-bleiben-einer-digitalen\/dp\/3579086928\"><em>Mensch 4.0 \u2013 Frei bleiben in einer digitalen Welt<\/em><\/a> (G\u00fctersloher Verlagshaus). Sie ist Lead Autorin der zwei j\u00fcngsten EBU News Reports &#8222;Climate Journalism That Works: Between Knowledge and Impact&#8220; (M\u00e4rz 2023) und &#8222;What&#8217;s Next? Public Service Journalism in the Age of Distraction, Opinion, and Information Abundance&#8220; (November 2021).\u00a0<\/p>\n<p>An der TUM School of Management der\u00a0<a href=\"https:\/\/www.professors.wi.tum.de\/strategy\/team\/guest-lecturers\/dralexandraborchardt\/\">TU M\u00fcnchen <\/a>unterrichtet Borchardt seit 2014 \u201eLeadership and Strategy in the 21st Century\u201c. Au\u00dferdem war sie bis Ende 2021 Mitglied und Berichterstatterin im <a href=\"https:\/\/www.coe.int\/en\/web\/freedom-expression\/msi-dig\">Experten-Ausschuss des Europarats Freedom of Expression and Digital Technologies<\/a>\u00a0. Zuvor diente sie dort als stellvertretende Vorsitzende des<a href=\"https:\/\/www.coe.int\/en\/web\/freedom-expression\/msi-joq\">\u00a0Ausschusses f\u00fcr Qualit\u00e4tsjournalismus im Digital-Zeitalter<\/a>. Sie geh\u00f6rt au\u00dferdem dem Aufsichtsrat der Constructive Foundation in Aarhus, dem Advisory Board des M100 Sanssouci Colloquium, dem Gesellschaftspolitischen Beirat des Acatech-Projekts Technologischen Wandel gestalten (bis Projektende 2023), dem Committee for Editorial Independence des tschechischen Medien-Konzerns Economia und dem Beirat von Klimafakten an. Zudem bewertet sie bei Bedarf Medien-Startups und Projekte f\u00fcr die Wiener Medieninitiative, das EU-gef\u00f6rderte Stars4Media Programm und die Landesmedienanstalt Nordrhein-Westfalen.<\/p>\n<p>Alexandra Borchardt ist Kolumnistin des Branchendienstes <em>Medieninsider<\/em> und war Autorin unter anderem f\u00fcr das internationale Meinungsportal\u00a0<a href=\"https:\/\/www.project-syndicate.org\/columnist\/alexandra-borchardt\">Project Syndicate<\/a>, das Digitalmagazin\u00a0<a href=\"https:\/\/join-ada.com\/magazin\">ada <\/a>und f\u00fcr den Think Tank <a href=\"https:\/\/libmod.de\/?s=borchardt\">Zentrum Liberale Moderne<\/a>. An der Universit\u00e4t Oxford hat sie zwei Jahre lang als Director of Leadership Programmes Weiterbildungen f\u00fcr leitende Redakteure und Medienmanager aufgebaut und geleitet. In der Forschung widmete sie sich den Themen Talent-Management und Vielfalt. Davor war sie mehr als zwei Jahrzehnte lang im tagesaktuellen Journalismus t\u00e4tig, zuletzt als Chefin vom Dienst der\u00a0<a href=\"http:\/\/www.sueddeutsche.de\/\"><em>S\u00fcddeutschen Zeitung<\/em><\/a><em>.<\/em>\u00a0<\/p>\n<p>Bei der SZ arbeitete sie zw\u00f6lf Jahre lang in leitenden Positionen, auch in den Ressorts Innenpolitik und Wirtschaft. Au\u00dferdem entwickelte und verantwortete sie das SZ-Wirtschaftsmagazin \u201ePlan W \u2013 Frauen ver\u00e4ndern Wirtschaft\u201c, das 2016 mit dem Ernst-Schneider-Preis f\u00fcr Wirtschaftspublizistik in der Kategorie \u201eInnovation des Jahres\u201c ausgezeichnet wurde. Im Oktober 2015 erschien von ihr die Streitschrift:\u00a0<em>Das Internet zwischen Diktatur und Anarchie: Zehn Thesen zur Demokratisierung der digitalen Welt<\/em>\u00a0(S\u00fcddeutsche Zeitung Edition).<\/p>\n<p>Vor ihrer SZ-Zeit hatte Borchardt verschiedene Funktionen bei der\u00a0<em>Financial Times Deutschland<\/em>\u00a0inne, deren Redaktion sie seit Gr\u00fcndung der Zeitung 1999 f\u00fcnf Jahre lang angeh\u00f6rte. Ausgebildet wurde sie bei der\u00a0<em>Deutschen Presse-Agentur<\/em>, wo sie auch Wissenschafts- und Wirtschaftsredakteurin war.<\/p>\n<p>Alexandra Borchardt h\u00e4lt seit 1994 einen Ph. D.\u00a0 in Political Science von der\u00a0<em>Tulane University<\/em>\u00a0New Orleans. 2013 absolvierte sie das Program for Management Development an der\u00a0<em>IESE Business School<\/em> Barcelona. Sie lebt mit ihrem Mann im Umland von M\u00fcnchen und hat zwei erwachsene Kinder.<\/p>\n\n","protected":false},"excerpt":{"rendered":"<p>Prof. Dr. Alexandra Borchardt ist eine international arbeitende Journalistin, Managerin, Buchautorin, Dozentin und Beraterin. Sie wirkt als Honorarprofessorin f\u00fcr Leadership und Digitalisierung an der TUM School of Management der TU M\u00fcnchen, als Verwaltungsr\u00e4tin beim Schweizer Magazin Republik, Aufsichtsr\u00e4tin beim Constructive Institute in D\u00e4nemark und ist Senior Research Associate am Reuters Institute for the Study of &hellip; <\/p>\n<p class=\"link-more\"><a href=\"https:\/\/alexandraborchardt.com\/de\/profil\/\" class=\"more-link\"><span class=\"screen-reader-text\">\u201eProfil\u201c <\/span>weiterlesen<\/a><\/p>\n","protected":false},"author":1,"featured_media":0,"parent":0,"menu_order":0,"comment_status":"closed","ping_status":"closed","template":"","meta":{"_acf_changed":false,"footnotes":""},"class_list":["post-6","page","type-page","status-publish","hentry"],"acf":[],"_links":{"self":[{"href":"https:\/\/alexandraborchardt.com\/de\/wp-json\/wp\/v2\/pages\/6\/"}],"collection":[{"href":"https:\/\/alexandraborchardt.com\/de\/wp-json\/wp\/v2\/pages\/"}],"about":[{"href":"https:\/\/alexandraborchardt.com\/de\/wp-json\/wp\/v2\/types\/page\/"}],"author":[{"embeddable":true,"href":"https:\/\/alexandraborchardt.com\/de\/wp-json\/wp\/v2\/users\/1\/"}],"replies":[{"embeddable":true,"href":"https:\/\/alexandraborchardt.com\/de\/wp-json\/wp\/v2\/comments\/?post=6"}],"version-history":[{"count":34,"href":"https:\/\/alexandraborchardt.com\/de\/wp-json\/wp\/v2\/pages\/6\/revisions\/"}],"predecessor-version":[{"id":2256,"href":"https:\/\/alexandraborchardt.com\/de\/wp-json\/wp\/v2\/pages\/6\/revisions\/2256\/"}],"wp:attachment":[{"href":"https:\/\/alexandraborchardt.com\/de\/wp-json\/wp\/v2\/media\/?parent=6"}],"curies":[{"name":"wp","href":"https:\/\/api.w.org\/{rel}","templated":true}]}}