{"id":90,"date":"2017-07-26T12:02:10","date_gmt":"2017-07-26T10:02:10","guid":{"rendered":"https:\/\/alexandraborchardt.com\/?page_id=90\/"},"modified":"2026-04-14T15:54:47","modified_gmt":"2026-04-14T13:54:47","slug":"startseite","status":"publish","type":"page","link":"https:\/\/alexandraborchardt.com\/de\/","title":{"rendered":"Digitaler Wandel, Journalismus und Demokratie"},"content":{"rendered":"<p>Alexandra Borchardt ist eine unabh\u00e4ngige, international arbeitende Beraterin, Medienforscherin, Verwaltungsr\u00e4tin und Autorin mit dem Ziel, den Diskurs in der vernetzten demokratischen Gesellschaft zu verbessern. Als erfahrene Medienmanagerin und Change Management Coach unterst\u00fctzt Prof. Dr. Borchardt Sie gerne, wenn Sie <strong>Beratung und Coaching<\/strong>, <strong>eine Keynote Speakerin<\/strong>\u00a0oder\u00a0<strong>Autorin\u00a0<\/strong>suchen. Mit mehr als 25 Jahren Erfahrung in gro\u00dfen deutschen Medienh\u00e4usern, 15 davon in F\u00fchrungspositionen, ber\u00e4t und <strong>betreut sie Redaktionen bei der digitalen Transformation. <\/strong>Im\u00a0<a href=\"https:\/\/www.tablestakes-europe.org\">Table Stakes Europe<\/a> Program der WAN-IFRA coachte sie in f\u00fcnf Jahren 26 Teams europ\u00e4ischer Verlagsh\u00e4user. Sie unterst\u00fctzt das Schweizer Magazin Republik als Verwaltungsr\u00e4tin und das Constructive Institute in Aarhus als Aufsichtsr\u00e4tin. Dem <a href=\"https:\/\/reutersinstitute.politics.ox.ac.uk\/\">Reuters Institute for the Study of Journalism an der University of Oxford<\/a> ist sie als Senior Research Associate verbunden. Als Honorarprofessorin f\u00fcr Leadership und Digitalisierung an der TUM School of Management der TU M\u00fcnchen lehrt sie &#8222;Leadership and Strategy in the 21st Century&#8220;.<\/p>\n<p>Digitalisierung bedeutet f\u00fcr Alexandra vor allem Kulturwandel. Was sie dazu denkt, beschreibt sie f\u00fcr die Hamburg Media School <a href=\"https:\/\/www.youtube.com\/watch?v=zhRgyGdBWUY&amp;feature=youtu.be\">in diesem Video<\/a>.<\/p>\n<p>Neu 2026: &#8222;<strong><a href=\"https:\/\/medienwissen.at\/KnappDanebenDigital_LowRes.pdf\">Knapp daneben ist auch vorbei: eine qualitative Studie zu Gen Z und Journalismus in \u00d6sterreich mit Perspektiven von Nutzer:innen, Medienschaffenden und internationalen Expert:innen<\/a><\/strong>&#8222;, von Jana Koch und Alexandra Borchardt<\/p>\n<p>Neu 2025: EBU News Report: &#8222;<a href=\"https:\/\/www.ebu.ch\/guides\/open\/report\/news-report-2025-leading-newsrooms-in-the-age-of-generative-ai\"><strong>Leading Newsrooms in the Age of Generative AI<\/strong><\/a>&#8222;, von Alexandra Borchardt (nur auf Englisch).<\/p>\n<p>Neu 2024: EBU News Report 2024, &#8222;<strong><a href=\"https:\/\/www.ebu.ch\/guides\/open\/report\/news-report-2024-trusted-journalism-in-the-age-of-generative-ai\">Trusted Journalism in the Age of Generative AI<\/a><\/strong>&#8222;, von Alexandra Borchardt (Lead), Kati Bremme, Felix Simon und Olle Zachrison (nur auf Englisch).<\/p>\n<p>2023: EBU News Report 2023, &#8222;<strong><a href=\"https:\/\/www.ebu.ch\/guides\/open\/report\/news-report-2023-climate-journalism-that-works\">Climate Journalism That Works &#8211; Between Knowledge and Impact<\/a><\/strong>&#8222;, von Alexandra Borchardt, Katherine Dunn und Felix Simon (nur auf Englisch).<\/p>\n<p>2022: Im Sammelband <a href=\"https:\/\/www.transcript-verlag.de\/978-3-8376-6319-8\/liberalismus-neu-denken\/?c=310000029\"><strong>Liberalismus neu denken<\/strong><\/a>, herausgegeben von Ralf F\u00fccks und Rainald Manthe, hat sie einen Essay mit dem Titel &#8222;Ich tweete, also bin ich? F\u00fcr eine neue Ethik der Digitalisierung&#8220; ver\u00f6ffentlicht (Transcript Verlag)<\/p>\n<p>2021: EBU News Report 2021 &#8211; 2022, <a href=\"https:\/\/www.ebu.ch\/publications\/strategic\/loginonly\/report\/news-report---whats-next-public-service-journalism-in-the-age-of-distraction-opinion-and-information-abundance\"><strong>What&#8217;s Next? Public Service Journalism in the Age of Distraction, Opinion, and Information Abundance<\/strong><\/a>, von Alexandra Borchardt und Felix Simon (nur auf Englisch)<\/p>\n<p>Buch: <a href=\"https:\/\/www.amazon.de\/Mehr-Wahrheit-wagen-Demokratie-Journalismus\/dp\/3411747250\/ref=tmm_hrd_swatch_0?_encoding=UTF8&amp;qid=&amp;sr=\"><strong>Mehr Wahrheit wagen &#8211; Warum die Demokratie einen starken Journalismus braucht<\/strong><\/a>\u00a0(Dudenverlag 2020)<\/p>\n<p><a href=\"mailto:mail@alexandraborchardt.com\">mail@alexandraborchardt.com<\/a><\/p>\n\n","protected":false},"excerpt":{"rendered":"<p>Alexandra Borchardt ist eine unabh\u00e4ngige, international arbeitende Beraterin, Medienforscherin, Verwaltungsr\u00e4tin und Autorin mit dem Ziel, den Diskurs in der vernetzten demokratischen Gesellschaft zu verbessern. Als erfahrene Medienmanagerin und Change Management Coach unterst\u00fctzt Prof. Dr. Borchardt Sie gerne, wenn Sie Beratung und Coaching, eine Keynote Speakerin\u00a0oder\u00a0Autorin\u00a0suchen. Mit mehr als 25 Jahren Erfahrung in gro\u00dfen deutschen Medienh\u00e4usern, &hellip; <\/p>\n<p class=\"link-more\"><a href=\"https:\/\/alexandraborchardt.com\/de\/\" class=\"more-link\"><span class=\"screen-reader-text\">\u201eDigitaler Wandel, Journalismus und Demokratie\u201c <\/span>weiterlesen<\/a><\/p>\n","protected":false},"author":1,"featured_media":0,"parent":0,"menu_order":0,"comment_status":"closed","ping_status":"closed","template":"startseite.php","meta":{"_acf_changed":false,"footnotes":""},"class_list":["post-90","page","type-page","status-publish","hentry"],"acf":[],"_links":{"self":[{"href":"https:\/\/alexandraborchardt.com\/de\/wp-json\/wp\/v2\/pages\/90\/"}],"collection":[{"href":"https:\/\/alexandraborchardt.com\/de\/wp-json\/wp\/v2\/pages\/"}],"about":[{"href":"https:\/\/alexandraborchardt.com\/de\/wp-json\/wp\/v2\/types\/page\/"}],"author":[{"embeddable":true,"href":"https:\/\/alexandraborchardt.com\/de\/wp-json\/wp\/v2\/users\/1\/"}],"replies":[{"embeddable":true,"href":"https:\/\/alexandraborchardt.com\/de\/wp-json\/wp\/v2\/comments\/?post=90"}],"version-history":[{"count":47,"href":"https:\/\/alexandraborchardt.com\/de\/wp-json\/wp\/v2\/pages\/90\/revisions\/"}],"predecessor-version":[{"id":2415,"href":"https:\/\/alexandraborchardt.com\/de\/wp-json\/wp\/v2\/pages\/90\/revisions\/2415\/"}],"wp:attachment":[{"href":"https:\/\/alexandraborchardt.com\/de\/wp-json\/wp\/v2\/media\/?parent=90"}],"curies":[{"name":"wp","href":"https:\/\/api.w.org\/{rel}","templated":true}]}}